{"id":4461,"date":"2018-09-25T11:41:09","date_gmt":"2018-09-25T11:41:09","guid":{"rendered":"https:\/\/galati.modeltheme.com\/?post_type=product&#038;p=4461"},"modified":"2022-05-10T15:27:08","modified_gmt":"2022-05-10T14:27:08","slug":"kodak-ultra-lithium-cr2016-batteries-1-pack-3v","status":"publish","type":"product","link":"https:\/\/www.albatros.tn\/index.php\/product\/kodak-ultra-lithium-cr2016-batteries-1-pack-3v\/","title":{"rendered":"Kodak ULTRA Lithium CR2016 batteries (1 pack) 3V"},"content":{"rendered":"","protected":false},"excerpt":{"rendered":"<pre id=\"tw-target-text\" class=\"tw-data-text tw-text-large tw-ta\" data-placeholder=\"Traduction\"><span class=\"Y2IQFc\" lang=\"fr\">Nos piles bouton KODAK Lithium vous offrent d'excellentes performances et un bon rapport qualit\u00e9-prix\u00a0!\r\nCaract\u00e9ristiques\r\nId\u00e9al pour : montres, jouets, calculatrices, t\u00e9l\u00e9commandes, lampes de poche<\/span><\/pre>\n","protected":false},"featured_media":8838,"template":"","meta":[],"product_cat":[51],"product_tag":[],"class_list":{"0":"post-4461","1":"product","2":"type-product","3":"status-publish","4":"has-post-thumbnail","6":"product_cat-piles-kodak","8":"first","9":"instock","10":"shipping-taxable","11":"product-type-simple"},"_links":{"self":[{"href":"https:\/\/www.albatros.tn\/index.php\/wp-json\/wp\/v2\/product\/4461","targetHints":{"allow":["GET"]}}],"collection":[{"href":"https:\/\/www.albatros.tn\/index.php\/wp-json\/wp\/v2\/product"}],"about":[{"href":"https:\/\/www.albatros.tn\/index.php\/wp-json\/wp\/v2\/types\/product"}],"wp:featuredmedia":[{"embeddable":true,"href":"https:\/\/www.albatros.tn\/index.php\/wp-json\/wp\/v2\/media\/8838"}],"wp:attachment":[{"href":"https:\/\/www.albatros.tn\/index.php\/wp-json\/wp\/v2\/media?parent=4461"}],"wp:term":[{"taxonomy":"product_cat","embeddable":true,"href":"https:\/\/www.albatros.tn\/index.php\/wp-json\/wp\/v2\/product_cat?post=4461"},{"taxonomy":"product_tag","embeddable":true,"href":"https:\/\/www.albatros.tn\/index.php\/wp-json\/wp\/v2\/product_tag?post=4461"}],"curies":[{"name":"wp","href":"https:\/\/api.w.org\/{rel}","templated":true}]}}