{"id":7169,"date":"2020-09-30T09:10:41","date_gmt":"2020-09-30T09:10:41","guid":{"rendered":"https:\/\/angro.modeltheme.com\/?post_type=product&#038;p=7169"},"modified":"2022-02-04T09:02:25","modified_gmt":"2022-02-04T08:02:25","slug":"kodak-ultra-lithium-cr123-1-pack-3v","status":"publish","type":"product","link":"https:\/\/www.albatros.tn\/index.php\/product\/kodak-ultra-lithium-cr123-1-pack-3v\/","title":{"rendered":"Kodak ULTRA Lithium CR123 (1 pack) 3V"},"content":{"rendered":"<h1 class=\"product_title entry-title\">123LA<\/h1>\n<div class=\"woocommerce-product-details__short-description\">\n<h4 id=\"tw-target-text\" class=\"tw-data-text tw-text-large tw-ta\" data-placeholder=\"Traduction\"><strong><em><span class=\"Y2IQFc\" lang=\"fr\">Nos batteries KODAK Specialty vous offrent d&#8217;excellentes performances et un bon rapport qualit\u00e9-prix\u00a0!<\/span><\/em><\/strong><\/h4>\n<h4 class=\"tw-data-text tw-text-large tw-ta\" data-placeholder=\"Traduction\"><strong><em><span class=\"Y2IQFc\" lang=\"fr\">Caract\u00e9ristiques<\/span><\/em><\/strong><\/h4>\n<h4 class=\"tw-data-text tw-text-large tw-ta\" data-placeholder=\"Traduction\"><strong><em><span class=\"Y2IQFc\" lang=\"fr\">Id\u00e9al pour :<\/span><\/em><\/strong><\/h4>\n<h4 class=\"tw-data-text tw-text-large tw-ta\" data-placeholder=\"Traduction\"><strong><em><span class=\"Y2IQFc\" lang=\"fr\">T\u00e9l\u00e9commandes, appareils photo, lampes de poche<\/span><\/em><\/strong><\/h4>\n<\/div>\n","protected":false},"excerpt":{"rendered":"<h1 class=\"product_title entry-title\">123LA<\/h1>\n<div class=\"woocommerce-product-details__short-description\">\n<h4 id=\"tw-target-text\" class=\"tw-data-text tw-text-large tw-ta\" data-placeholder=\"Traduction\"><em><strong><span class=\"Y2IQFc\" lang=\"fr\">Nos batteries KODAK Specialty vous offrent d&#8217;excellentes performances et un bon rapport qualit\u00e9-prix\u00a0! <\/span><\/strong><\/em><\/h4>\n<h4 class=\"tw-data-text tw-text-large tw-ta\" data-placeholder=\"Traduction\"><em><strong><span class=\"Y2IQFc\" lang=\"fr\">Caract\u00e9ristiques<\/span><\/strong><\/em><\/h4>\n<h4 class=\"tw-data-text tw-text-large tw-ta\" data-placeholder=\"Traduction\"><em><strong><span class=\"Y2IQFc\" lang=\"fr\">Id\u00e9al pour : T\u00e9l\u00e9commandes, appareils photo, lampes de poche<\/span><\/strong><\/em><\/h4>\n<\/div>\n","protected":false},"featured_media":8849,"template":"","meta":[],"product_cat":[51],"product_tag":[],"class_list":{"0":"post-7169","1":"product","2":"type-product","3":"status-publish","4":"has-post-thumbnail","6":"product_cat-piles-kodak","8":"first","9":"instock","10":"shipping-taxable","11":"product-type-simple"},"_links":{"self":[{"href":"https:\/\/www.albatros.tn\/index.php\/wp-json\/wp\/v2\/product\/7169","targetHints":{"allow":["GET"]}}],"collection":[{"href":"https:\/\/www.albatros.tn\/index.php\/wp-json\/wp\/v2\/product"}],"about":[{"href":"https:\/\/www.albatros.tn\/index.php\/wp-json\/wp\/v2\/types\/product"}],"wp:featuredmedia":[{"embeddable":true,"href":"https:\/\/www.albatros.tn\/index.php\/wp-json\/wp\/v2\/media\/8849"}],"wp:attachment":[{"href":"https:\/\/www.albatros.tn\/index.php\/wp-json\/wp\/v2\/media?parent=7169"}],"wp:term":[{"taxonomy":"product_cat","embeddable":true,"href":"https:\/\/www.albatros.tn\/index.php\/wp-json\/wp\/v2\/product_cat?post=7169"},{"taxonomy":"product_tag","embeddable":true,"href":"https:\/\/www.albatros.tn\/index.php\/wp-json\/wp\/v2\/product_tag?post=7169"}],"curies":[{"name":"wp","href":"https:\/\/api.w.org\/{rel}","templated":true}]}}