{"id":9022,"date":"2022-05-13T13:06:47","date_gmt":"2022-05-13T12:06:47","guid":{"rendered":"https:\/\/www.albatros.tn\/?post_type=product&#038;p=9022"},"modified":"2022-05-13T13:09:50","modified_gmt":"2022-05-13T12:09:50","slug":"max-razor-3","status":"publish","type":"product","link":"https:\/\/www.albatros.tn\/index.php\/product\/max-razor-3\/","title":{"rendered":"MAX Razor 3 KODAK"},"content":{"rendered":"<p>Le rasoir jetable KODAK MAX 3 est un rasage de pr\u00e9cision d&#8217;un bon rapport qualit\u00e9-prix. Avec sa t\u00eate pivotante et sa bande hydratante \u00e0 l&#8217;aloe vera, il vous offre non seulement un rasage de pr\u00e8s, mais \u00e9galement doux pour la peau. Dot\u00e9 de 3 lames en acier su\u00e9dois de longue dur\u00e9e et d&#8217;une poign\u00e9e antid\u00e9rapante en caoutchouc solide pour plus de s\u00e9curit\u00e9 pendant le rasage. Inutile de changer les lames non plus, il suffit de les jeter au besoin !<br \/>\nCaract\u00e9ristiques<br \/>\n3 lames<br \/>\nAcier su\u00e9dois \u2013 Lame solide et durable<br \/>\nBande hydratante \u00e0 base d&#8217;Aloe Vera pour un rasage plus doux et plus doux pour la peau<br \/>\nPoign\u00e9e antid\u00e9rapante en caoutchouc solide pour plus de s\u00e9curit\u00e9<br \/>\nT\u00eate pivotante qui vous donne un rasage de plus pr\u00e8s<br \/>\nJetable : Id\u00e9al pour un usage quotidien ou les d\u00e9placements loin de chez soi lorsque l&#8217;on a besoin de voyager l\u00e9ger !<\/p>\n","protected":false},"excerpt":{"rendered":"<p>3 lames<br \/>\nAcier su\u00e9dois \u2013 Lame solide et durable<br \/>\nBande hydratante \u00e0 base d&#8217;Aloe Vera pour un rasage plus doux et plus doux pour la peau<br \/>\nPoign\u00e9e antid\u00e9rapante en caoutchouc solide pour plus de s\u00e9curit\u00e9<br \/>\nT\u00eate pivotante qui vous donne un rasage de plus pr\u00e8s<br \/>\nJetable : Id\u00e9al pour un usage quotidien ou les d\u00e9placements loin de chez soi lorsque l&#8217;on a besoin de voyager l\u00e9ger !<\/p>\n","protected":false},"featured_media":9024,"template":"","meta":[],"product_cat":[50],"product_tag":[],"class_list":{"0":"post-9022","1":"product","2":"type-product","3":"status-publish","4":"has-post-thumbnail","6":"product_cat-rasoirs-kodak","8":"first","9":"instock","10":"shipping-taxable","11":"product-type-simple"},"_links":{"self":[{"href":"https:\/\/www.albatros.tn\/index.php\/wp-json\/wp\/v2\/product\/9022","targetHints":{"allow":["GET"]}}],"collection":[{"href":"https:\/\/www.albatros.tn\/index.php\/wp-json\/wp\/v2\/product"}],"about":[{"href":"https:\/\/www.albatros.tn\/index.php\/wp-json\/wp\/v2\/types\/product"}],"wp:featuredmedia":[{"embeddable":true,"href":"https:\/\/www.albatros.tn\/index.php\/wp-json\/wp\/v2\/media\/9024"}],"wp:attachment":[{"href":"https:\/\/www.albatros.tn\/index.php\/wp-json\/wp\/v2\/media?parent=9022"}],"wp:term":[{"taxonomy":"product_cat","embeddable":true,"href":"https:\/\/www.albatros.tn\/index.php\/wp-json\/wp\/v2\/product_cat?post=9022"},{"taxonomy":"product_tag","embeddable":true,"href":"https:\/\/www.albatros.tn\/index.php\/wp-json\/wp\/v2\/product_tag?post=9022"}],"curies":[{"name":"wp","href":"https:\/\/api.w.org\/{rel}","templated":true}]}}