{"id":9039,"date":"2022-05-13T13:21:53","date_gmt":"2022-05-13T12:21:53","guid":{"rendered":"https:\/\/www.albatros.tn\/?post_type=product&#038;p=9039"},"modified":"2022-05-13T13:28:02","modified_gmt":"2022-05-13T12:28:02","slug":"max-razor-2-pink-kodak","status":"publish","type":"product","link":"https:\/\/www.albatros.tn\/index.php\/product\/max-razor-2-pink-kodak\/","title":{"rendered":"MAX Razor 2 PINK KODAK"},"content":{"rendered":"<p>Le rasoir jetable KODAK MAX 2 est parfait pour la pr\u00e9cision et plus doux pour la peau gr\u00e2ce \u00e0 sa bande hydratante \u00e0 l&#8217;Aloe Vera. Dot\u00e9 de 2 lames en acier su\u00e9dois de longue dur\u00e9e et d&#8217;une poign\u00e9e en caoutchouc antid\u00e9rapant en plastique solide pour plus de s\u00e9curit\u00e9. Inutile de changer les lames non plus, il suffit de les jeter au besoin !<br \/>\nCaract\u00e9ristiques<br \/>\n2 lames<br \/>\nAcier su\u00e9dois \u2013 Lame solide et durable<br \/>\nBande hydratante \u00e0 base d&#8217;Aloe Vera pour un rasage plus doux et plus doux pour la peau<br \/>\nPoign\u00e9e antid\u00e9rapante en caoutchouc solide pour plus de s\u00e9curit\u00e9<br \/>\nJetable : Id\u00e9al pour un usage quotidien ou les d\u00e9placements loin de chez vous lorsque vous avez besoin de voyager l\u00e9ger<\/p>\n","protected":false},"excerpt":{"rendered":"<p>2 lames<br \/>\nAcier su\u00e9dois \u2013 Lame solide et durable<br \/>\nBande hydratante \u00e0 base d&#8217;Aloe Vera pour un rasage plus doux et plus doux pour la peau<br \/>\nPoign\u00e9e antid\u00e9rapante en caoutchouc solide pour plus de s\u00e9curit\u00e9<br \/>\nJetable : Id\u00e9al pour un usage quotidien ou les d\u00e9placements loin de chez vous lorsque vous avez besoin de voyager l\u00e9ger<\/p>\n","protected":false},"featured_media":9032,"template":"","meta":[],"product_cat":[50],"product_tag":[],"class_list":{"0":"post-9039","1":"product","2":"type-product","3":"status-publish","4":"has-post-thumbnail","6":"product_cat-rasoirs-kodak","8":"first","9":"instock","10":"shipping-taxable","11":"product-type-simple"},"_links":{"self":[{"href":"https:\/\/www.albatros.tn\/index.php\/wp-json\/wp\/v2\/product\/9039","targetHints":{"allow":["GET"]}}],"collection":[{"href":"https:\/\/www.albatros.tn\/index.php\/wp-json\/wp\/v2\/product"}],"about":[{"href":"https:\/\/www.albatros.tn\/index.php\/wp-json\/wp\/v2\/types\/product"}],"wp:featuredmedia":[{"embeddable":true,"href":"https:\/\/www.albatros.tn\/index.php\/wp-json\/wp\/v2\/media\/9032"}],"wp:attachment":[{"href":"https:\/\/www.albatros.tn\/index.php\/wp-json\/wp\/v2\/media?parent=9039"}],"wp:term":[{"taxonomy":"product_cat","embeddable":true,"href":"https:\/\/www.albatros.tn\/index.php\/wp-json\/wp\/v2\/product_cat?post=9039"},{"taxonomy":"product_tag","embeddable":true,"href":"https:\/\/www.albatros.tn\/index.php\/wp-json\/wp\/v2\/product_tag?post=9039"}],"curies":[{"name":"wp","href":"https:\/\/api.w.org\/{rel}","templated":true}]}}