{"id":9256,"date":"2022-05-23T13:50:45","date_gmt":"2022-05-23T12:50:45","guid":{"rendered":"https:\/\/www.albatros.tn\/?post_type=product&#038;p=9256"},"modified":"2022-05-23T13:50:45","modified_gmt":"2022-05-23T12:50:45","slug":"kodak-max-lithium-cr24050","status":"publish","type":"product","link":"https:\/\/www.albatros.tn\/index.php\/product\/kodak-max-lithium-cr24050\/","title":{"rendered":"KODAK MAX LITHIUM CR24050"},"content":{"rendered":"<h4><strong><span>Nos piles bouton KODAK Lithium\u00a0<\/span><span>\u00a0vous offrent d&#8217;excellentes performances et un bon rapport qualit\u00e9-prix !<\/span><\/strong><\/h4>\n<h4><strong><span>Caract\u00e9ristiques<\/span><\/strong><\/h4>\n<ul>\n<li><span>Id\u00e9al pour : montres, jouets, calculatrices, t\u00e9l\u00e9commandes, lampes de poche<\/span><\/li>\n<\/ul>\n","protected":false},"excerpt":{"rendered":"<ul>\n<li>Id\u00e9al pour : montres, jouets, calculatrices, t\u00e9l\u00e9commandes, lampes de poche<\/li>\n<\/ul>\n","protected":false},"featured_media":9269,"template":"","meta":[],"product_cat":[51],"product_tag":[],"class_list":{"0":"post-9256","1":"product","2":"type-product","3":"status-publish","4":"has-post-thumbnail","6":"product_cat-piles-kodak","8":"first","9":"instock","10":"shipping-taxable","11":"product-type-simple"},"_links":{"self":[{"href":"https:\/\/www.albatros.tn\/index.php\/wp-json\/wp\/v2\/product\/9256","targetHints":{"allow":["GET"]}}],"collection":[{"href":"https:\/\/www.albatros.tn\/index.php\/wp-json\/wp\/v2\/product"}],"about":[{"href":"https:\/\/www.albatros.tn\/index.php\/wp-json\/wp\/v2\/types\/product"}],"wp:featuredmedia":[{"embeddable":true,"href":"https:\/\/www.albatros.tn\/index.php\/wp-json\/wp\/v2\/media\/9269"}],"wp:attachment":[{"href":"https:\/\/www.albatros.tn\/index.php\/wp-json\/wp\/v2\/media?parent=9256"}],"wp:term":[{"taxonomy":"product_cat","embeddable":true,"href":"https:\/\/www.albatros.tn\/index.php\/wp-json\/wp\/v2\/product_cat?post=9256"},{"taxonomy":"product_tag","embeddable":true,"href":"https:\/\/www.albatros.tn\/index.php\/wp-json\/wp\/v2\/product_tag?post=9256"}],"curies":[{"name":"wp","href":"https:\/\/api.w.org\/{rel}","templated":true}]}}